{"id":3394,"date":"2023-10-16T15:37:58","date_gmt":"2023-10-16T13:37:58","guid":{"rendered":"http:\/\/alscoch.comcentrica.it\/home\/?page_id=3394"},"modified":"2024-08-27T10:22:25","modified_gmt":"2024-08-27T08:22:25","slug":"contacts","status":"publish","type":"page","link":"https:\/\/www.alsco.ch\/fr\/contacts\/","title":{"rendered":"CONTACTS"},"content":{"rendered":"<div class=\"vce-row-container\"><div class=\"vce-row vce-element--has-background vce-row--col-gap-30 vce-row-equal-height vce-row-content--top\" data-vce-full-width=\"true\" id=\"el-c90eada9\" data-vce-do-apply=\"all el-c90eada9\"><div class=\"vce-content-background-container\"><div class=\"vce-asset-background-simple-container vce-visible-all-only vce-asset-background-simple--style-cover vce-asset-background-simple--position-center-center\"><div class=\"vce-asset-background-simple\">\n              <div class=\"vce-asset-background-simple-item vcv-lozad\" data-background-image=\"https:\/\/www.alsco.ch\/wp-content\/uploads\/2022\/11\/AdobeStock_196154005.jpg\"><\/div>\n              <noscript>\n                <div class=\"vce-asset-background-simple-item\" style=\"background-image: url(https:\/\/www.alsco.ch\/wp-content\/uploads\/2022\/11\/AdobeStock_196154005.jpg)\"><\/div>\n              <\/noscript>\n            <\/div><\/div><div class=\"vce-asset-color-gradient-container vce-visible-all-only\" data-vce-do-apply=\"gradient el-c90eada9\"><\/div><\/div><div class=\"vce-row-content\" data-vce-element-content=\"true\"><div class=\"vce-col vce-col--md-auto vce-col--xs-1 vce-col--xs-last vce-col--xs-first vce-col--sm-last vce-col--sm-first vce-col--md-last vce-col--lg-last vce-col--xl-last vce-col--md-first vce-col--lg-first vce-col--xl-first\" id=\"el-a24c36ab\"><div class=\"vce-col-inner\" data-vce-do-apply=\"border margin background  el-a24c36ab\"><div class=\"vce-col-content\" data-vce-element-content=\"true\" data-vce-do-apply=\"padding el-a24c36ab\"><div class=\"vce-text-block\"><div class=\"vce-text-block-wrapper vce\" id=\"el-284625fb\" data-vce-do-apply=\"all el-284625fb\"><h1 style=\"text-align: center;\"><span style=\"color: #ffffff;\">VOUS SAUREZ TOUJOURS O\u00d9 NOUS TROUVER<\/span><\/h1><\/div><\/div><\/div><\/div><\/div><\/div><\/div><\/div><div class=\"vce-row-container\" data-vce-boxed-width=\"true\"><div class=\"vce-row vce-row--col-gap-28 vce-row-equal-height vce-row-content--middle\" id=\"el-5d480a95\" data-vce-do-apply=\"all el-5d480a95\"><div class=\"vce-content-background-container\"><\/div><div class=\"vce-row-content\" data-vce-element-content=\"true\"><div class=\"vce-col vce-col--xs-100p vce-col--xs-visible vce-col--xs-last vce-col--xs-first vce-col--sm-80p vce-col--sm-visible vce-col--sm-first vce-col--md-64p vce-col--md-visible vce-col--md-first vce-col--lg-64p vce-col--lg-visible vce-col--lg-first vce-col--xl-64p vce-col--xl-visible vce-col--xl-first\" id=\"el-53ccf503\"><div class=\"vce-col-inner\" data-vce-do-apply=\"border margin background  el-53ccf503\"><div class=\"vce-content-background-container\"><\/div><div class=\"vce-col-content\" data-vce-element-content=\"true\" data-vce-do-apply=\"padding el-53ccf503\"><div class=\"vce-shortcode\"><div class=\"vce-shortcode-wrapper vce\" id=\"el-d43deb43\" data-vce-do-apply=\"all el-d43deb43\">\n<div class=\"wpcf7 no-js\" id=\"wpcf7-f3691-o1\" lang=\"fr-FR\" dir=\"ltr\" data-wpcf7-id=\"3691\">\n<div class=\"screen-reader-response\"><p role=\"status\" aria-live=\"polite\" aria-atomic=\"true\"><\/p> <ul><\/ul><\/div>\n<form action=\"\/fr\/wp-json\/wp\/v2\/pages\/3394#wpcf7-f3691-o1\" method=\"post\" class=\"wpcf7-form init\" aria-label=\"Contact form\" novalidate=\"novalidate\" data-status=\"init\">\n<fieldset class=\"hidden-fields-container\"><input type=\"hidden\" name=\"_wpcf7\" value=\"3691\" \/><input type=\"hidden\" name=\"_wpcf7_version\" value=\"6.1.5\" \/><input type=\"hidden\" name=\"_wpcf7_locale\" value=\"fr_FR\" \/><input type=\"hidden\" name=\"_wpcf7_unit_tag\" value=\"wpcf7-f3691-o1\" \/><input type=\"hidden\" name=\"_wpcf7_container_post\" value=\"0\" \/><input type=\"hidden\" name=\"_wpcf7_posted_data_hash\" value=\"\" \/><input type=\"hidden\" name=\"_wpcf7dtx_version\" value=\"5.0.5\" \/><input type=\"hidden\" name=\"_wpcf7_recaptcha_response\" value=\"\" \/>\n<\/fieldset>\n<p><label> Pr\u00e9nom (obligatoire)<br \/>\n<span class=\"wpcf7-form-control-wrap\" data-name=\"vorname\"><input size=\"40\" maxlength=\"400\" class=\"wpcf7-form-control wpcf7-text wpcf7-validates-as-required\" aria-required=\"true\" aria-invalid=\"false\" value=\"\" type=\"text\" name=\"vorname\" \/><\/span> <\/label>\n<\/p>\n<p><label> Nom de famille (obligatoire)<br \/>\n<span class=\"wpcf7-form-control-wrap\" data-name=\"nachname\"><input size=\"40\" maxlength=\"400\" class=\"wpcf7-form-control wpcf7-text wpcf7-validates-as-required\" aria-required=\"true\" aria-invalid=\"false\" value=\"\" type=\"text\" name=\"nachname\" \/><\/span> <\/label>\n<\/p>\n<p><label> Soci\u00e9t\u00e9 (obligatoire)<br \/>\n<span class=\"wpcf7-form-control-wrap\" data-name=\"firma\"><input size=\"40\" maxlength=\"400\" class=\"wpcf7-form-control wpcf7-text wpcf7-validates-as-required\" aria-required=\"true\" aria-invalid=\"false\" value=\"\" type=\"text\" name=\"firma\" \/><\/span> <\/label>\n<\/p>\n<p><label> Votre email (obligatoire)<br \/>\n<span class=\"wpcf7-form-control-wrap\" data-name=\"email\"><input size=\"40\" maxlength=\"400\" class=\"wpcf7-form-control wpcf7-email wpcf7-validates-as-required wpcf7-text wpcf7-validates-as-email\" aria-required=\"true\" aria-invalid=\"false\" value=\"\" type=\"email\" name=\"email\" \/><\/span> <\/label>\n<\/p>\n<p><label> Telefon<br \/>\n<span class=\"wpcf7-form-control-wrap\" data-name=\"tel-677\"><input size=\"40\" maxlength=\"400\" class=\"wpcf7-form-control wpcf7-tel wpcf7-text wpcf7-validates-as-tel\" aria-invalid=\"false\" value=\"\" type=\"tel\" name=\"tel-677\" \/><\/span> <\/label>\n<\/p>\n<p><label> Message<br \/>\n<span class=\"wpcf7-form-control-wrap\" data-name=\"textarea-443\"><textarea cols=\"40\" rows=\"10\" maxlength=\"2000\" class=\"wpcf7-form-control wpcf7-textarea\" aria-invalid=\"false\" name=\"textarea-443\"><\/textarea><\/span> <\/label>\n<\/p>\n<p>[acceptation confidentialit\u00e9] J'autorise le traitement des donn\u00e9es personnelles conform\u00e9ment \u00e0 <a href=\"https:\/\/www.iubenda.com\/privacy-policy\/96762429\" class=\"iubenda-nostyle no-brand iubenda-noiframe iubenda-embed iubenda -noiframe \" title=\"R\u00e8glement UE 2016\/679\">R\u00e8glement UE 2016\/679<\/a><script type=\"text\/javascript\">(function (w,d) {var loader = function () {var s = d.createElement(\"script\"), tag = d.getElementsByTagName(\"script\")[0]; s.src=\"https:\/\/cdn.iubenda.com\/iubenda.js\"; tag.parentNode.insertBefore( s ,tag);}; if(w.addEventListener){w.addEventListener(\"load\", chargeur, false);}else if(w.attachEvent){w.attachEvent(\"onload\", chargeur);}else{ w .onload = chargeur;}})(fen\u00eatre, document);<\/script>\n<\/p>\n<p><input class=\"wpcf7-form-control wpcf7-submit has-spinner\" type=\"submit\" value=\"SOUMETTRE\" \/>\n<\/p><div class=\"wpcf7-response-output\" aria-hidden=\"true\"><\/div>\n<\/form>\n<\/div>\n<\/div><\/div><\/div><\/div><\/div><div class=\"vce-col vce-col--xs-100p vce-col--xs-visible vce-col--xs-last vce-col--xs-first vce-col--sm-20p vce-col--sm-visible vce-col--sm-last vce-col--md-36p vce-col--md-visible vce-col--md-last vce-col--lg-36p vce-col--lg-visible vce-col--lg-last vce-col--xl-36p vce-col--xl-visible vce-col--xl-last\" id=\"el-d4f167df\"><div class=\"vce-col-inner\" data-vce-do-apply=\"border margin background  el-d4f167df\"><div class=\"vce-content-background-container\"><\/div><div class=\"vce-col-content\" data-vce-element-content=\"true\" data-vce-do-apply=\"padding el-d4f167df\"><div class=\"vce-single-image-container vce-single-image--align-left\"><div class=\"vce vce-single-image-wrapper\" id=\"el-e6d3b191\" data-vce-do-apply=\"all el-e6d3b191\"><figure><div class=\"vce-single-image-figure-inner\" style=\"width: 475px;\"><div class=\"vce-single-image-inner vce-single-image--absolute\" style=\"width: 100%; padding-bottom: 65.2632%;\"><img loading=\"lazy\" decoding=\"async\" class=\"vce-single-image\"  width=\"475\" height=\"310\" srcset=\"https:\/\/www.alsco.ch\/wp-content\/uploads\/2022\/11\/407071-PD1IME-131-320x209.png 320w, https:\/\/www.alsco.ch\/wp-content\/uploads\/2022\/11\/407071-PD1IME-131-480x313.png 480w, https:\/\/www.alsco.ch\/wp-content\/uploads\/2022\/11\/407071-PD1IME-131-800x522.png 800w, https:\/\/www.alsco.ch\/wp-content\/uploads\/2024\/08\/407071-PD1IME-131-475x310.png 475w, https:\/\/www.alsco.ch\/wp-content\/uploads\/2024\/08\/407071-PD1IME-131-950x620.png 2x\" src=\"https:\/\/www.alsco.ch\/wp-content\/uploads\/2024\/08\/407071-PD1IME-131-475x310.png\" data-img-src=\"https:\/\/www.alsco.ch\/wp-content\/uploads\/2022\/11\/407071-PD1IME-131.png\" data-attachment-id=\"2340\"  alt=\"\" title=\"407071-PD1IME-131\" \/><\/div><\/div><figcaption hidden=\"\"><\/figcaption><\/figure><\/div><\/div><\/div><\/div><\/div><\/div><\/div><\/div><div class=\"vce-row-container\"><div class=\"vce-row vce-element--has-background vce-row--col-gap-30 vce-row-equal-height vce-row-content--top\" data-vce-full-width=\"true\" id=\"el-f071d5cf\" data-vce-do-apply=\"all el-f071d5cf\"><div class=\"vce-content-background-container\"><\/div><div class=\"vce-row-content\" data-vce-element-content=\"true\"><div class=\"vce-col vce-col--md-auto vce-col--xs-1 vce-col--xs-last vce-col--xs-first vce-col--sm-last vce-col--sm-first vce-col--md-last vce-col--lg-last vce-col--xl-last vce-col--md-first vce-col--lg-first vce-col--xl-first\" id=\"el-971b5d1e\"><div class=\"vce-col-inner\" data-vce-do-apply=\"border margin background  el-971b5d1e\"><div class=\"vce-content-background-container\"><\/div><div class=\"vce-col-content\" data-vce-element-content=\"true\" data-vce-do-apply=\"padding el-971b5d1e\"><div class=\"vce-text-block\"><div class=\"vce-text-block-wrapper vce\" id=\"el-01f6ceaf\" data-vce-do-apply=\"all el-01f6ceaf\"><h1><span style=\"color: #ffffff;\">Service client\u00e8le<\/span><\/h1><h3><span style=\"color: #ffffff;\">Pour nous, chaque client est LE CLIENT<\/span><\/h3><p class=\"p1\"><span style=\"color: #ffffff;\">L'engagement le plus important et le plus gratifiant pour nous est la satisfaction du client pour un service durable. Le concept de Client ne s'arr\u00eate pas \u00e0 l'entreprise qui nous a fait confiance, mais \u00e0 l'op\u00e9rateur individuel qui utilise notre service quotidiennement et qui doit avoir la garantie d'avoir toujours des v\u00eatements frais. ALSCO dispose d'un service d'assistance \u00e0 la client\u00e8le bien structur\u00e9 et capillaire, en contact permanent avec les clients, avec du personnel sp\u00e9cialis\u00e9 dans chaque soci\u00e9t\u00e9 du groupe, capable de fournir un soutien pour tout besoin, au cours du contrat, dans la gestion des probl\u00e8mes quotidiens (augmentations ou diminutions des stocks, r\u00e9approvisionnement des mat\u00e9riaux, inventaires).<\/span><\/p><p class=\"p1\"><span style=\"color: #ffffff;\">Comme soutien suppl\u00e9mentaire au client, Alsco fournit, sur demande, un acc\u00e8s web au site, afin que le client puisse suivre l'\u00e9tat de son \u00e9quipement et de ses mouvements. Le professionnalisme bien \u00e9tabli de notre personnel et le contr\u00f4le direct de la distribution par nos moyens sont une garantie de PONCTUALIT\u00c9 ET DE PR\u00c9CISION.<\/span><\/p><\/div><\/div><\/div><\/div><\/div><\/div><\/div><\/div><div class=\"vce-row-container\"><div class=\"vce-row vce-row--col-gap-30 vce-row-equal-height vce-row-content--middle\" data-vce-full-width=\"true\" id=\"el-1634a4b9\" data-vce-do-apply=\"all el-1634a4b9\"><div class=\"vce-content-background-container\"><\/div><div class=\"vce-row-content\" data-vce-element-content=\"true\"><div class=\"vce-col vce-col--md-auto vce-col--xs-1 vce-col--xs-last vce-col--xs-first vce-col--sm-last vce-col--sm-first vce-col--md-first vce-col--lg-first vce-col--xl-first\" id=\"el-ea770eaa\"><div class=\"vce-col-inner\" data-vce-do-apply=\"border margin background  el-ea770eaa\"><div class=\"vce-col-content\" data-vce-element-content=\"true\" data-vce-do-apply=\"padding el-ea770eaa\"><div class=\"vce-text-block\"><div class=\"vce-text-block-wrapper vce\" id=\"el-68dc7d10\" data-vce-do-apply=\"all el-68dc7d10\"><h2 class=\"ragsoc\"><span style=\"color: #237a31;\">ALSCO Swiss Sagl<\/span><\/h2><p>Steinhausstrasse 4<br>6056 K\u00e4giswil<\/p><p>Tel. (0041) 041 372 14 10<br>Fax. (0041) 041 372 14 14<\/p><p><span style=\"color: #333333;\">e-mail: <a style=\"color: #333333;\" href=\"mailto:kundendienst@alsco.\">kundendienst@alsco.<\/a>ch&nbsp;<\/span><\/p><\/div><\/div><\/div><\/div><\/div><div class=\"vce-col vce-col--md-auto vce-col--xs-1 vce-col--xs-last vce-col--xs-first vce-col--sm-last vce-col--sm-first vce-col--md-last vce-col--lg-last vce-col--xl-last\" id=\"el-92828028\"><div class=\"vce-col-inner\" data-vce-do-apply=\"border margin background  el-92828028\"><div class=\"vce-col-content\" data-vce-element-content=\"true\" data-vce-do-apply=\"padding el-92828028\"><div class=\"vce-google-maps vce-google-maps--align-left\"><div class=\"vce-google-maps-wrapper vce vce-google-maps--width-custom vce-google-maps--height-custom\" id=\"el-43c0ae0e\" data-vce-do-apply=\"all el-43c0ae0e\" style=\"width: 500px; height: 300px;\"><div class=\"vce-google-maps-inner\"><iframe src=\"https:\/\/www.google.com\/maps\/embed?pb=!1m18!1m12!1m3!1d2724.8844082591067!2d8.26060247718487!3d46.9246544348189!2m3!1f0!2f0!3f0!3m2!1i1024!2i768!4f13.1!3m3!1m2!1s0x478ff182c1ccdd39%3A0x60a4189ca7c8afd9!2sSteinhausstrasse%204%2C%206056%20K%C3%A4giswil%2C%20Svizzera!5e0!3m2!1sit!2sit!4v1715602404998!5m2!1sit!2sit\" width=\"600\" height=\"450\" style=\"border: 0px; pointer-events: none;\" allowfullscreen=\"\" loading=\"lazy\" referrerpolicy=\"no-referrer-when-downgrade\"><\/iframe><\/div><\/div><\/div><\/div><\/div><\/div><\/div><\/div><\/div><div class=\"vce-row-container\"><div class=\"vce-row vce-row--col-gap-30 vce-row-equal-height vce-row-content--middle\" data-vce-full-width=\"true\" id=\"el-9bb535c6\" data-vce-do-apply=\"all el-9bb535c6\"><div class=\"vce-content-background-container\"><\/div><div class=\"vce-row-content\" data-vce-element-content=\"true\"><div class=\"vce-col vce-col--md-auto vce-col--xs-1 vce-col--xs-last vce-col--xs-first vce-col--sm-last vce-col--sm-first vce-col--md-first vce-col--lg-first vce-col--xl-first\" id=\"el-29b39bdd\"><div class=\"vce-col-inner\" data-vce-do-apply=\"border margin background  el-29b39bdd\"><div class=\"vce-col-content\" data-vce-element-content=\"true\" data-vce-do-apply=\"padding el-29b39bdd\"><div class=\"vce-text-block\"><div class=\"vce-text-block-wrapper vce\" id=\"el-77682f5e\" data-vce-do-apply=\"all el-77682f5e\"><h2 class=\"ragsoc\"><span style=\"color: #237a31;\">ALSCO Swiss Sagl<\/span><\/h2><p>v. al Mulino<br>6943 Vezia (Lugano)<\/p><p>Tel. (0041) 091 968 21 50<br>Fax. (0041) 091 968 21 54<\/p><p><span style=\"color: #333333;\">e-mail: <a style=\"color: #333333;\" href=\"mailto:info@alsco.ch\">info@alsco.ch<\/a><\/span><\/p><\/div><\/div><\/div><\/div><\/div><div class=\"vce-col vce-col--md-auto vce-col--xs-1 vce-col--xs-last vce-col--xs-first vce-col--sm-last vce-col--sm-first vce-col--md-last vce-col--lg-last vce-col--xl-last\" id=\"el-2494201d\"><div class=\"vce-col-inner\" data-vce-do-apply=\"border margin background  el-2494201d\"><div class=\"vce-col-content\" data-vce-element-content=\"true\" data-vce-do-apply=\"padding el-2494201d\"><div class=\"vce-google-maps vce-google-maps--align-left\"><div class=\"vce-google-maps-wrapper vce vce-google-maps--width-custom vce-google-maps--height-custom\" id=\"el-34daaba3\" data-vce-do-apply=\"all el-34daaba3\" style=\"width: 500px; height: 300px;\"><div class=\"vce-google-maps-inner\"><iframe src=\"https:\/\/www.google.com\/maps\/embed?pb=!1m18!1m12!1m3!1d2770.258407978123!2d8.930206312911459!3d46.025992395657994!2m3!1f0!2f0!3f0!3m2!1i1024!2i768!4f13.1!3m3!1m2!1s0x4784328e51051fd3%3A0x6f1fbb67f21e9cfd!2sVia%20al%20Mulino%2C%206943%20Vezia%2C%20Svizzera!5e0!3m2!1sit!2sit!4v1695892698208!5m2!1sit!2sit\" width=\"600\" height=\"450\" style=\"border: 0px; pointer-events: none;\" allowfullscreen=\"\" loading=\"lazy\" referrerpolicy=\"no-referrer-when-downgrade\"><\/iframe><\/div><\/div><\/div><\/div><\/div><\/div><\/div><\/div><\/div>\n","protected":false},"excerpt":{"rendered":"<p>VOUS SAUREZ TOUJOURS O\u00d9 NOUS TROUVERService client\u00e8lePour nous, chaque client est LE CLIENTL&#8217;engagement le plus important et le plus gratifiant pour nous est la satisfaction du client pour un service durable. Le concept de Client ne s&#8217;arr\u00eate pas \u00e0 l&#8217;entreprise qui nous a fait confiance, mais \u00e0 l&#8217;op\u00e9rateur individuel qui utilise notre service quotidiennement et [&hellip;]<\/p>\n","protected":false},"author":1,"featured_media":0,"parent":0,"menu_order":0,"comment_status":"closed","ping_status":"closed","template":"","meta":{"footnotes":""},"class_list":["post-3394","page","type-page","status-publish","hentry"],"_links":{"self":[{"href":"https:\/\/www.alsco.ch\/fr\/wp-json\/wp\/v2\/pages\/3394","targetHints":{"allow":["GET"]}}],"collection":[{"href":"https:\/\/www.alsco.ch\/fr\/wp-json\/wp\/v2\/pages"}],"about":[{"href":"https:\/\/www.alsco.ch\/fr\/wp-json\/wp\/v2\/types\/page"}],"author":[{"embeddable":true,"href":"https:\/\/www.alsco.ch\/fr\/wp-json\/wp\/v2\/users\/1"}],"replies":[{"embeddable":true,"href":"https:\/\/www.alsco.ch\/fr\/wp-json\/wp\/v2\/comments?post=3394"}],"version-history":[{"count":5,"href":"https:\/\/www.alsco.ch\/fr\/wp-json\/wp\/v2\/pages\/3394\/revisions"}],"predecessor-version":[{"id":4138,"href":"https:\/\/www.alsco.ch\/fr\/wp-json\/wp\/v2\/pages\/3394\/revisions\/4138"}],"wp:attachment":[{"href":"https:\/\/www.alsco.ch\/fr\/wp-json\/wp\/v2\/media?parent=3394"}],"curies":[{"name":"wp","href":"https:\/\/api.w.org\/{rel}","templated":true}]}}